{"id":832,"date":"2018-07-03T12:55:21","date_gmt":"2018-07-03T15:55:21","guid":{"rendered":"https:\/\/isfd31-bue.infd.edu.ar\/sitio\/salidas-educativas\/"},"modified":"2022-11-22T10:27:44","modified_gmt":"2022-11-22T13:27:44","slug":"salidas-educativas","status":"publish","type":"page","link":"https:\/\/isfd31-bue.infd.edu.ar\/sitio\/salidas-educativas\/","title":{"rendered":"Salidas Educativas"},"content":{"rendered":"<p style=\"text-align: justify;\"><span style=\"font-weight: 400;\">Figura a continuaci\u00f3n todo lo atinente a la reglamentaci\u00f3n de salidas y paseos educativos y su adecuado control para aquellas salidas organizadas por docentes para la ejecuci\u00f3n de los propios proyectos educativos con sus alumnos, en el marco de la <a title=\"Resoluci\u00f3n 378\/17\" href=\"http:\/\/servicios.abc.gov.ar\/lainstitucion\/sistemaeducativo\/diepregep\/normativa\/resolucion_salidas_educativas.pdf\" target=\"_blank\" rel=\"noopener\">Resoluci\u00f3n 378\/17<\/a> conteniendo <strong><a title=\"Salidas Educativas\" href=\"http:\/\/servicios.abc.gov.ar\/lainstitucion\/sistemaeducativo\/diepregep\/normativa\/anexos_salida_educativa.pdf\" target=\"_blank\" rel=\"noopener\">Anexos<\/a><\/strong> necesarios para efectuarlas.<\/span><\/p>\n","protected":false},"excerpt":{"rendered":"<p>Figura a continuaci\u00f3n todo lo atinente a la reglamentaci\u00f3n de salidas y paseos educativos y su adecuado control para aquellas salidas organizadas por docentes para la ejecuci\u00f3n de los propios proyectos educativos con sus alumnos, en el marco de la Resoluci\u00f3n 378\/17 conteniendo Anexos necesarios para efectuarlas.<\/p>\n","protected":false},"author":1546,"featured_media":0,"parent":0,"menu_order":0,"comment_status":"closed","ping_status":"closed","template":"","meta":[],"acf":[],"_links":{"self":[{"href":"https:\/\/isfd31-bue.infd.edu.ar\/sitio\/wp-json\/wp\/v2\/pages\/832"}],"collection":[{"href":"https:\/\/isfd31-bue.infd.edu.ar\/sitio\/wp-json\/wp\/v2\/pages"}],"about":[{"href":"https:\/\/isfd31-bue.infd.edu.ar\/sitio\/wp-json\/wp\/v2\/types\/page"}],"author":[{"embeddable":true,"href":"https:\/\/isfd31-bue.infd.edu.ar\/sitio\/wp-json\/wp\/v2\/users\/1546"}],"replies":[{"embeddable":true,"href":"https:\/\/isfd31-bue.infd.edu.ar\/sitio\/wp-json\/wp\/v2\/comments?post=832"}],"version-history":[{"count":2,"href":"https:\/\/isfd31-bue.infd.edu.ar\/sitio\/wp-json\/wp\/v2\/pages\/832\/revisions"}],"predecessor-version":[{"id":2115,"href":"https:\/\/isfd31-bue.infd.edu.ar\/sitio\/wp-json\/wp\/v2\/pages\/832\/revisions\/2115"}],"wp:attachment":[{"href":"https:\/\/isfd31-bue.infd.edu.ar\/sitio\/wp-json\/wp\/v2\/media?parent=832"}],"curies":[{"name":"wp","href":"https:\/\/api.w.org\/{rel}","templated":true}]}}