{"id":822,"date":"2018-07-03T12:55:18","date_gmt":"2018-07-03T15:55:18","guid":{"rendered":"https:\/\/isfd31-bue.infd.edu.ar\/sitio\/centro-de-estudiantes\/"},"modified":"2023-09-18T08:38:49","modified_gmt":"2023-09-18T11:38:49","slug":"centro-de-estudiantes","status":"publish","type":"page","link":"https:\/\/isfd31-bue.infd.edu.ar\/sitio\/centro-de-estudiantes\/","title":{"rendered":"Centro de Estudiantes"},"content":{"rendered":"<p style=\"text-align: justify;\"><span style=\"font-weight: 400;\">\u00a0 \u00a0El Centro de Estudiantes del ISFDyT N\u00b031 comenz\u00f3 sus actividades en el a\u00f1o 2013. El mismo posee una comisi\u00f3n directiva compuesta por ocho representantes estudiantiles de todas las carreras que ocupan distintos cargos jer\u00e1rquicos y cuenta con estatuto aprobado por la Direcci\u00f3n de Educaci\u00f3n Superior.\u00a0<\/span><\/p>\n<ul>\n<li><span style=\"font-weight: 400;\"><strong>Oriana Ailin Argando\u00f1a<\/strong> &#8211; Presidenta<\/span><\/li>\n<li><span style=\"font-weight: 400;\"><strong>Rodrigo\u00a0<\/strong><b>Fern\u00e1ndez<\/b>\u00a0&#8211; Vicepresidente<\/span><\/li>\n<li><strong>Abril Luna<\/strong> &#8211; Tesorera<\/li>\n<li><strong>Bautista Ruiz<\/strong> &#8211; Secretario general<\/li>\n<li><strong>Magal\u00ed Auzmendi Sampayo, Silvina Ram\u00edrez<\/strong> &#8211; Secretar\u00eda asuntos estudiantiles<\/li>\n<li><strong>Melany Vasquez, Sabrina Vasquez, Azul Pe\u00f1alba, Agustina Bel\u00e9n Fernandez<\/strong> &#8211; Secretar\u00eda de deportes<\/li>\n<li><strong>Luisina Fonte Harismendi<\/strong> &#8211; Secretar\u00eda de cultura<\/li>\n<li><strong>Andr\u00e9s Pelli, Nadia Burgos<\/strong> &#8211; Secretar\u00eda de extensi\u00f3n<\/li>\n<li><strong>Abigail Jacin Garc\u00eda<\/strong> &#8211; Secretar\u00eda de prensa y difusi\u00f3n<\/li>\n<\/ul>\n<p style=\"text-align: justify;\"><span style=\"font-weight: 400;\">\u00a0 \u00a0Cuenta con un Cuerpo de Delegados de todos los Profesorados y Tecnicaturas de la instituci\u00f3n.<\/span><\/p>\n<p style=\"text-align: justify;\"><span style=\"font-weight: 400;\">\u00a0 \u00a0La comisi\u00f3n directiva\u00a0se re\u00fane mensualmente y si es necesario se realiza una convocatoria especial. La organizaci\u00f3n es de car\u00e1cter democr\u00e1tico, las decisiones que se adoptan responden al voto de la mayor\u00eda.\u00a0<\/span><\/p>\n<h5 style=\"text-align: justify;\"><span style=\"font-weight: 400;\"> <img decoding=\"async\" loading=\"lazy\" class=\"alignnone  wp-image-2509\" src=\"https:\/\/isfd31-bue.infd.edu.ar\/sitio\/wp-content\/uploads\/2023\/09\/Logo-Centro-Estudiantes.jpg\" alt=\"\" width=\"318\" height=\"308\" \/>\u00a0 \u00a0en Instagram: <strong>@centrodeestudiantes31<\/strong><\/span><\/h5>\n","protected":false},"excerpt":{"rendered":"<p>\u00a0 \u00a0El Centro de Estudiantes del ISFDyT N\u00b031 comenz\u00f3 sus actividades en el a\u00f1o 2013. El mismo posee una comisi\u00f3n directiva compuesta por ocho representantes estudiantiles de todas las carreras que ocupan distintos cargos jer\u00e1rquicos y cuenta con estatuto aprobado por la Direcci\u00f3n de Educaci\u00f3n Superior.\u00a0 Oriana Ailin Argando\u00f1a &#8211; Presidenta Rodrigo\u00a0Fern\u00e1ndez\u00a0&#8211; Vicepresidente Abril Luna &#8230; <a title=\"Centro de Estudiantes\" class=\"read-more\" href=\"https:\/\/isfd31-bue.infd.edu.ar\/sitio\/centro-de-estudiantes\/\" aria-label=\"More on Centro de Estudiantes\">[+]<\/a><\/p>\n","protected":false},"author":1546,"featured_media":0,"parent":0,"menu_order":0,"comment_status":"closed","ping_status":"closed","template":"","meta":[],"acf":[],"_links":{"self":[{"href":"https:\/\/isfd31-bue.infd.edu.ar\/sitio\/wp-json\/wp\/v2\/pages\/822"}],"collection":[{"href":"https:\/\/isfd31-bue.infd.edu.ar\/sitio\/wp-json\/wp\/v2\/pages"}],"about":[{"href":"https:\/\/isfd31-bue.infd.edu.ar\/sitio\/wp-json\/wp\/v2\/types\/page"}],"author":[{"embeddable":true,"href":"https:\/\/isfd31-bue.infd.edu.ar\/sitio\/wp-json\/wp\/v2\/users\/1546"}],"replies":[{"embeddable":true,"href":"https:\/\/isfd31-bue.infd.edu.ar\/sitio\/wp-json\/wp\/v2\/comments?post=822"}],"version-history":[{"count":3,"href":"https:\/\/isfd31-bue.infd.edu.ar\/sitio\/wp-json\/wp\/v2\/pages\/822\/revisions"}],"predecessor-version":[{"id":2510,"href":"https:\/\/isfd31-bue.infd.edu.ar\/sitio\/wp-json\/wp\/v2\/pages\/822\/revisions\/2510"}],"wp:attachment":[{"href":"https:\/\/isfd31-bue.infd.edu.ar\/sitio\/wp-json\/wp\/v2\/media?parent=822"}],"curies":[{"name":"wp","href":"https:\/\/api.w.org\/{rel}","templated":true}]}}