{"id":814,"date":"2018-07-03T12:55:15","date_gmt":"2018-07-03T15:55:15","guid":{"rendered":"https:\/\/isfd31-bue.infd.edu.ar\/sitio\/cai\/"},"modified":"2021-11-23T09:45:02","modified_gmt":"2021-11-23T12:45:02","slug":"cai","status":"publish","type":"page","link":"https:\/\/isfd31-bue.infd.edu.ar\/sitio\/cai\/","title":{"rendered":"CAI"},"content":{"rendered":"<p dir=\"ltr\" style=\"text-align: justify;\"><span style=\"font-size: 12pt;\">El <strong>Consejo Acad\u00e9mico Institucional<\/strong> (CAI) es el \u00f3rgano colegiado integrado por autoridades educativas, el claustro de docentes, no docentes y alumnos.<\/span><\/p>\n<p dir=\"ltr\" style=\"text-align: justify;\"><span style=\"font-size: 12pt;\">Es un espacio de gesti\u00f3n y consulta permanente con el objetivo de asesorar en aspectos t\u00e9cnicos y coordinar las acciones de los programas educativos, cuya planeaci\u00f3n, desarrollo y evaluaci\u00f3n tiendan a mejorar los \u00edndices de calidad (eficiencia y eficacia) de la formaci\u00f3n acad\u00e9mica de los alumnos.<\/span><\/p>\n<p dir=\"ltr\">\n<p dir=\"ltr\"><span style=\"font-size: 12pt;\">Son funciones del consejo:<\/span><\/p>\n<ul>\n<li style=\"text-align: left;\"><span style=\"font-size: 12pt;\">La orientaci\u00f3n y elaboraci\u00f3n del Proyecto Educativo Institucional (PEI) y el Plan de Evaluaci\u00f3n Institucional (PIE).<\/span><\/li>\n<li style=\"text-align: left;\"><span style=\"font-size: 12pt;\">Resolver competencias establecidas en la resoluci\u00f3n 5886\/03.<\/span><\/li>\n<li style=\"text-align: left;\"><span style=\"font-size: 12pt;\">Evaluar junto a docentes la posibilidad de disminuir el 60% de las asistencias de alumnos, con causas debidamente justificadas.<\/span><\/li>\n<li style=\"text-align: left;\"><span style=\"font-size: 12pt;\">Recomendar, emitir criterio y reglamentar el r\u00e9gimen de acreditaci\u00f3n sin examen final en algunas unidades curriculares. Seg\u00fan el Plan de Evaluaci\u00f3n Institucional.<\/span><\/li>\n<li style=\"text-align: left;\"><span style=\"font-size: 12pt;\">La convocatoria a elecciones para la renovaci\u00f3n del Consejo Acad\u00e9mico.<\/span><\/li>\n<li style=\"text-align: left;\"><span style=\"font-size: 12pt;\">Aprobaci\u00f3n de solicitud de profesores respecto a alumnos que quieran desempe\u00f1arse como ayudantes. Seg\u00fan resoluci\u00f3n 3121\/04.<\/span><\/li>\n<li style=\"text-align: left;\"><span style=\"font-size: 12pt;\">Las cuestiones de convivencia.<\/span><\/li>\n<li style=\"text-align: left;\"><span style=\"font-size: 12pt;\">An\u00e1lisis y aprobaci\u00f3n de proyectos presentados por docentes y alumnos.<\/span><\/li>\n<li style=\"text-align: left;\"><span style=\"font-size: 12pt;\">La convocatoria a sesiones del consejo de otras personas que se considere oportuno, dichas personas tendr\u00e1n voz pero no voto.<\/span><\/li>\n<\/ul>\n","protected":false},"excerpt":{"rendered":"<p>El Consejo Acad\u00e9mico Institucional (CAI) es el \u00f3rgano colegiado integrado por autoridades educativas, el claustro de docentes, no docentes y alumnos. Es un espacio de gesti\u00f3n y consulta permanente con el objetivo de asesorar en aspectos t\u00e9cnicos y coordinar las acciones de los programas educativos, cuya planeaci\u00f3n, desarrollo y evaluaci\u00f3n tiendan a mejorar los \u00edndices &#8230; <a title=\"CAI\" class=\"read-more\" href=\"https:\/\/isfd31-bue.infd.edu.ar\/sitio\/cai\/\" aria-label=\"More on CAI\">[+]<\/a><\/p>\n","protected":false},"author":1546,"featured_media":0,"parent":0,"menu_order":0,"comment_status":"closed","ping_status":"closed","template":"","meta":[],"acf":[],"_links":{"self":[{"href":"https:\/\/isfd31-bue.infd.edu.ar\/sitio\/wp-json\/wp\/v2\/pages\/814"}],"collection":[{"href":"https:\/\/isfd31-bue.infd.edu.ar\/sitio\/wp-json\/wp\/v2\/pages"}],"about":[{"href":"https:\/\/isfd31-bue.infd.edu.ar\/sitio\/wp-json\/wp\/v2\/types\/page"}],"author":[{"embeddable":true,"href":"https:\/\/isfd31-bue.infd.edu.ar\/sitio\/wp-json\/wp\/v2\/users\/1546"}],"replies":[{"embeddable":true,"href":"https:\/\/isfd31-bue.infd.edu.ar\/sitio\/wp-json\/wp\/v2\/comments?post=814"}],"version-history":[{"count":1,"href":"https:\/\/isfd31-bue.infd.edu.ar\/sitio\/wp-json\/wp\/v2\/pages\/814\/revisions"}],"predecessor-version":[{"id":1582,"href":"https:\/\/isfd31-bue.infd.edu.ar\/sitio\/wp-json\/wp\/v2\/pages\/814\/revisions\/1582"}],"wp:attachment":[{"href":"https:\/\/isfd31-bue.infd.edu.ar\/sitio\/wp-json\/wp\/v2\/media?parent=814"}],"curies":[{"name":"wp","href":"https:\/\/api.w.org\/{rel}","templated":true}]}}