{"id":796,"date":"2018-07-03T12:55:10","date_gmt":"2018-07-03T15:55:10","guid":{"rendered":"https:\/\/isfd31-bue.infd.edu.ar\/sitio\/el-instituto\/"},"modified":"2023-05-18T09:09:08","modified_gmt":"2023-05-18T12:09:08","slug":"el-instituto","status":"publish","type":"page","link":"https:\/\/isfd31-bue.infd.edu.ar\/sitio\/el-instituto\/","title":{"rendered":"El Instituto"},"content":{"rendered":"<p style=\"text-align: justify;\"><span style=\"font-size: 14pt; color: #000000;\">El Instituto Superior de Formaci\u00f3n Docente y T\u00e9cnica N\u00b0 31 es una instituci\u00f3n educativa estatal de gesti\u00f3n p\u00fablica, que desde 1970 \u00a0tiene como misi\u00f3n fundamental formar docentes y t\u00e9cnicos con alto grado de profesionalismo que contribuyan con el desarrollo local y regional.<\/span><\/p>\n<p style=\"text-align: center;\"><img decoding=\"async\" loading=\"lazy\" class=\"alignnone size-medium wp-image-1056\" src=\"https:\/\/isfd31-bue.infd.edu.ar\/sitio\/wp-content\/uploads\/2020\/08\/FRENTE-con-logo-50-1000x323.jpg\" alt=\"\" width=\"1000\" height=\"323\" srcset=\"https:\/\/isfd31-bue.infd.edu.ar\/sitio\/wp-content\/uploads\/2020\/08\/FRENTE-con-logo-50-1000x323.jpg 1000w, https:\/\/isfd31-bue.infd.edu.ar\/sitio\/wp-content\/uploads\/2020\/08\/FRENTE-con-logo-50-768x248.jpg 768w, https:\/\/isfd31-bue.infd.edu.ar\/sitio\/wp-content\/uploads\/2020\/08\/FRENTE-con-logo-50-1900x614.jpg 1900w, https:\/\/isfd31-bue.infd.edu.ar\/sitio\/wp-content\/uploads\/2020\/08\/FRENTE-con-logo-50.jpg 2048w\" sizes=\"(max-width: 1000px) 100vw, 1000px\" \/><\/p>\n<header class=\"entry-header\" aria-label=\"Contenido\">\n<h4 class=\"entry-title\">Historia<\/h4>\n<\/header>\n<div class=\"entry-content\">\n<p class=\"Texto_arial\">En la d\u00e9cada del \u201960, la oferta educativa en la ciudad de Necochea, se ampl\u00eda notablemente con la creaci\u00f3n de la Escuela N\u00b0 501 de Educaci\u00f3n Especial, el Centro Educativo Complementario N\u00b0 1 y los Equipos Psicopedag\u00f3gicos y Sociales. Se produce entonces un vertiginoso aumento de la demanda de docentes especializados, imprescindibles para atender los nuevos servicios.<\/p>\n<p class=\"Texto_arial\">Por iniciativa del Centro Educativo\u00a0 Complementario N\u00b0 1 se inicia la tramitaci\u00f3n correspondiente para crear una instituci\u00f3n de nivel terciario que forme recursos humanos para los nuevos servicios educativos. La Municipalidad de Necochea se hace cargo de gestionar el expediente y por resoluci\u00f3n Ministerial N\u00b0 696\/70 se crea el Instituto Superior de Formaci\u00f3n Docente en Ense\u00f1anza Diferenciada y Asistente Social en 1970, siendo su primer director el Dr. Virginio Alsinet.<\/p>\n<p class=\"Texto_arial\">La Resoluci\u00f3n Ministerial mencionada preve\u00eda el funcionamiento del nuevo establecimiento en las dependencias del Centro Educativo Complementario N\u00b0 1, pero para una mejor prestaci\u00f3n el ISFD inicia sus actividades en el local de la ENET N\u00b0 1. Por Resoluci\u00f3n 1361\/70 se autoriza su traslado a la Escuela N\u00b0 3.<\/p>\n<p class=\"Texto_arial\">Paralelamente por resoluci\u00f3n Ministerial 758\/70, se crea el instituto Superior de Formaci\u00f3n Docente en Educaci\u00f3n Permanente que inicia sus actividades \u00a0el 25 de Marzo de 1971 en la Escuela Primaria N\u00b0 2 con las carreras: Capacitaci\u00f3n Directiva y T\u00e9cnica y Profesor de Nivel Primario para Adultos.<\/p>\n<p class=\"Texto_arial\">Por Resoluci\u00f3n\u00a0 Ministerial\u00a0 N\u00b0 03444\/75 se\u00a0 ratifica la fusi\u00f3n del Instituto Superior de Formaci\u00f3n Docente en Permanente con su similar en Ense\u00f1anza Diferenciada, Asistente Social, Educaci\u00f3n Preescolar y Relaciones Humanas, pasando a denominarse Instituto Superior de Formaci\u00f3n Docente N\u00b0 31.<\/p>\n<p class=\"Texto_arial\">En 1997 el Instituto\u00a0 pasa a ocupar dos edificios propios en el Complejo Educativo Jesuita Cardiel,\u00a0 sito a las orillas del R\u00edo Quequ\u00e9n, donde\u00a0 se congregan varias instituciones educativas: el Consejo Escolar, la Secretar\u00eda de Asuntos Docentes (SAD), El Centro de Investigaciones e Informaci\u00f3n Educativas (CIIE), la Escuela Provincial de Arte N\u00ba 500 Orillas del Quequ\u00e9n, el Centro de Formaci\u00f3n Laboral N\u00b0 403, la Escuela Secundaria N\u00b0 17 y el Taller Protegido \u00abTodo para ellos\u00bb. Entre todas las instituciones fue creado el Consorcio del Complejo Educativo \u00abJesuita Cardiel\u00bb con el fin de desarrollar acciones de colaboraci\u00f3n mutua y de cuidado y desarrollo de los espacios compartidos.<\/p>\n<\/div>\n","protected":false},"excerpt":{"rendered":"<p>El Instituto Superior de Formaci\u00f3n Docente y T\u00e9cnica N\u00b0 31 es una instituci\u00f3n educativa estatal de gesti\u00f3n p\u00fablica, que desde 1970 \u00a0tiene como misi\u00f3n fundamental formar docentes y t\u00e9cnicos con alto grado de profesionalismo que contribuyan con el desarrollo local y regional. Historia En la d\u00e9cada del \u201960, la oferta educativa en la ciudad de &#8230; <a title=\"El Instituto\" class=\"read-more\" href=\"https:\/\/isfd31-bue.infd.edu.ar\/sitio\/el-instituto\/\" aria-label=\"More on El Instituto\">[+]<\/a><\/p>\n","protected":false},"author":1546,"featured_media":0,"parent":0,"menu_order":0,"comment_status":"closed","ping_status":"closed","template":"","meta":[],"acf":[],"_links":{"self":[{"href":"https:\/\/isfd31-bue.infd.edu.ar\/sitio\/wp-json\/wp\/v2\/pages\/796"}],"collection":[{"href":"https:\/\/isfd31-bue.infd.edu.ar\/sitio\/wp-json\/wp\/v2\/pages"}],"about":[{"href":"https:\/\/isfd31-bue.infd.edu.ar\/sitio\/wp-json\/wp\/v2\/types\/page"}],"author":[{"embeddable":true,"href":"https:\/\/isfd31-bue.infd.edu.ar\/sitio\/wp-json\/wp\/v2\/users\/1546"}],"replies":[{"embeddable":true,"href":"https:\/\/isfd31-bue.infd.edu.ar\/sitio\/wp-json\/wp\/v2\/comments?post=796"}],"version-history":[{"count":3,"href":"https:\/\/isfd31-bue.infd.edu.ar\/sitio\/wp-json\/wp\/v2\/pages\/796\/revisions"}],"predecessor-version":[{"id":2398,"href":"https:\/\/isfd31-bue.infd.edu.ar\/sitio\/wp-json\/wp\/v2\/pages\/796\/revisions\/2398"}],"wp:attachment":[{"href":"https:\/\/isfd31-bue.infd.edu.ar\/sitio\/wp-json\/wp\/v2\/media?parent=796"}],"curies":[{"name":"wp","href":"https:\/\/api.w.org\/{rel}","templated":true}]}}