{"id":792,"date":"2018-07-03T12:55:08","date_gmt":"2018-07-03T15:55:08","guid":{"rendered":"https:\/\/isfd31-bue.infd.edu.ar\/sitio\/ubicacion\/"},"modified":"2021-11-29T09:10:21","modified_gmt":"2021-11-29T12:10:21","slug":"ubicacion","status":"publish","type":"page","link":"https:\/\/isfd31-bue.infd.edu.ar\/sitio\/ubicacion\/","title":{"rendered":"Ubicaci\u00f3n"},"content":{"rendered":"<div id='gallery-1' class='gallery galleryid-792 gallery-columns-3 gallery-size-thumbnail'><figure class='gallery-item'>\n\t\t\t<div class='gallery-icon landscape'>\n\t\t\t\t<a href='https:\/\/isfd31-bue.infd.edu.ar\/sitio\/ubicacion\/mapa\/#main'><img width=\"500\" height=\"500\" src=\"https:\/\/isfd31-bue.infd.edu.ar\/sitio\/wp-content\/uploads\/2021\/11\/MAPA-500x500.jpg\" class=\"attachment-thumbnail size-thumbnail\" alt=\"\" decoding=\"async\" loading=\"lazy\" aria-describedby=\"gallery-1-1618\" \/><\/a>\n\t\t\t<\/div>\n\t\t\t\t<figcaption class='wp-caption-text gallery-caption' id='gallery-1-1618'>\n\t\t\t\tMapa Satelital\n\t\t\t\t<\/figcaption><\/figure>\n\t\t<\/div>\n\n<p>\u00a0<\/p>\n<p style=\"text-align: justify;\"><span style=\"font-family: arial, helvetica, sans-serif; font-size: 12pt; color: #000000;\">El <strong>Instituto Superior de Formaci\u00f3n Docente y T\u00e9cnica N\u00ba 31<\/strong> se encuentra dentro del Complejo Educativo \u00abJesuita Cardiel\u00bb, antiguamente funcion\u00f3 el Liceo Naval. Ocupa un amplio predio situado a la orilla del R\u00edo Quequ\u00e9n, junto al Puente Colgante \u00abHip\u00f3lito Yrigoyen\u00bb. Este predio alberga tambi\u00e9n las dependencias del Consejo Escolar, la Secretar\u00eda de Asuntos Docentes, el Centro de Investigaci\u00f3n Educativa (CIIE), la Escuela Provincial de Arte N\u00ba 500, el Centro de Formaci\u00f3n Profesional N\u00b0 403, la Escuela Secundaria N\u00b0 315 y el Taller Protegido\u00a0\u00a0\u00abTodo para ellos\u00bb.<\/span><\/p>\n<p>El ISFDyT N\u00ba 31 cuenta con la Sede (Edificio Azul) y su anexo Edificio de la Ribera, ambos dentro del mismo complejo educativo mencionado.<\/p>\n\n\n<p><\/p>\n","protected":false},"excerpt":{"rendered":"<p>\u00a0 El Instituto Superior de Formaci\u00f3n Docente y T\u00e9cnica N\u00ba 31 se encuentra dentro del Complejo Educativo \u00abJesuita Cardiel\u00bb, antiguamente funcion\u00f3 el Liceo Naval. Ocupa un amplio predio situado a la orilla del R\u00edo Quequ\u00e9n, junto al Puente Colgante \u00abHip\u00f3lito Yrigoyen\u00bb. Este predio alberga tambi\u00e9n las dependencias del Consejo Escolar, la Secretar\u00eda de Asuntos Docentes, &#8230; <a title=\"Ubicaci\u00f3n\" class=\"read-more\" href=\"https:\/\/isfd31-bue.infd.edu.ar\/sitio\/ubicacion\/\" aria-label=\"More on Ubicaci\u00f3n\">[+]<\/a><\/p>\n","protected":false},"author":1546,"featured_media":0,"parent":0,"menu_order":0,"comment_status":"closed","ping_status":"closed","template":"","meta":[],"acf":[],"_links":{"self":[{"href":"https:\/\/isfd31-bue.infd.edu.ar\/sitio\/wp-json\/wp\/v2\/pages\/792"}],"collection":[{"href":"https:\/\/isfd31-bue.infd.edu.ar\/sitio\/wp-json\/wp\/v2\/pages"}],"about":[{"href":"https:\/\/isfd31-bue.infd.edu.ar\/sitio\/wp-json\/wp\/v2\/types\/page"}],"author":[{"embeddable":true,"href":"https:\/\/isfd31-bue.infd.edu.ar\/sitio\/wp-json\/wp\/v2\/users\/1546"}],"replies":[{"embeddable":true,"href":"https:\/\/isfd31-bue.infd.edu.ar\/sitio\/wp-json\/wp\/v2\/comments?post=792"}],"version-history":[{"count":6,"href":"https:\/\/isfd31-bue.infd.edu.ar\/sitio\/wp-json\/wp\/v2\/pages\/792\/revisions"}],"predecessor-version":[{"id":1622,"href":"https:\/\/isfd31-bue.infd.edu.ar\/sitio\/wp-json\/wp\/v2\/pages\/792\/revisions\/1622"}],"wp:attachment":[{"href":"https:\/\/isfd31-bue.infd.edu.ar\/sitio\/wp-json\/wp\/v2\/media?parent=792"}],"curies":[{"name":"wp","href":"https:\/\/api.w.org\/{rel}","templated":true}]}}