{"id":788,"date":"2018-07-03T12:55:07","date_gmt":"2018-07-03T15:55:07","guid":{"rendered":"https:\/\/isfd31-bue.infd.edu.ar\/sitio\/autoridades\/"},"modified":"2025-10-30T17:01:07","modified_gmt":"2025-10-30T20:01:07","slug":"autoridades","status":"publish","type":"page","link":"https:\/\/isfd31-bue.infd.edu.ar\/sitio\/autoridades\/","title":{"rendered":"Equipo Directivo"},"content":{"rendered":"<p style=\"text-align: left;\"><span style=\"font-size: 14pt;\"><span style=\"font-size: 12pt;\">Directora:<\/span> <strong>Florencia Raffaghelli<\/strong><\/span><\/p>\n<p><span style=\"font-size: 14pt;\"><span style=\"font-size: 12pt;\">Vicedirectora:\u00a0<\/span> <strong>Magal\u00ed Chiocchetti<\/strong><\/span><\/p>\n<p>Regente Tecnicaturas: <span style=\"font-size: 14pt;\"><strong>Mariela Marti<\/strong><\/span><\/p>\n<p><span style=\"font-size: 14pt;\"><span style=\"font-size: 12pt;\">Regente Profesorados:<\/span> <b style=\"font-size: 14pt;\">Mariana <\/b><span style=\"font-size: 18.6667px;\"><b>Guzm\u00e1n<\/b><\/span><b style=\"font-size: 14pt;\"> del Valle<\/b><\/span><\/p>\n<p><span style=\"font-size: 16px;\">\u00a0 \u00a0 \u00a0<\/span><\/p>\n<p><span style=\"font-size: 14pt;\"><span style=\"font-size: 12pt;\">Jefe de \u00c1rea Profesorados Primaria e Inicial:<\/span>\u00a0<strong>Pablo Ortiz<\/strong><\/span><\/p>\n<p>Jefe de \u00c1rea Profesorado de Educaci\u00f3n F\u00edsica: <span style=\"font-size: 14pt;\"><strong>Matias Ca\u00f1ueto<\/strong><\/span><\/p>\n<p><span style=\"font-size: 14pt;\"><span style=\"font-size: 12pt;\">Jefe de \u00c1rea Tecnicaturas:\u00a0<\/span>\u00a0<strong>Adolfo Vallota<\/strong><\/span><\/p>\n<p><span style=\"font-size: 14pt;\"><span style=\"font-size: 12pt;\">Secretario:<\/span> <strong>Bruno Carrozzino<\/strong><\/span><\/p>\n","protected":false},"excerpt":{"rendered":"<p>Directora: Florencia Raffaghelli Vicedirectora:\u00a0 Magal\u00ed Chiocchetti Regente Tecnicaturas: Mariela Marti Regente Profesorados: Mariana Guzm\u00e1n del Valle \u00a0 \u00a0 \u00a0 Jefe de \u00c1rea Profesorados Primaria e Inicial:\u00a0Pablo Ortiz Jefe de \u00c1rea Profesorado de Educaci\u00f3n F\u00edsica: Matias Ca\u00f1ueto Jefe de \u00c1rea Tecnicaturas:\u00a0\u00a0Adolfo Vallota Secretario: Bruno Carrozzino<\/p>\n","protected":false},"author":1546,"featured_media":0,"parent":0,"menu_order":0,"comment_status":"closed","ping_status":"closed","template":"","meta":[],"acf":[],"_links":{"self":[{"href":"https:\/\/isfd31-bue.infd.edu.ar\/sitio\/wp-json\/wp\/v2\/pages\/788"}],"collection":[{"href":"https:\/\/isfd31-bue.infd.edu.ar\/sitio\/wp-json\/wp\/v2\/pages"}],"about":[{"href":"https:\/\/isfd31-bue.infd.edu.ar\/sitio\/wp-json\/wp\/v2\/types\/page"}],"author":[{"embeddable":true,"href":"https:\/\/isfd31-bue.infd.edu.ar\/sitio\/wp-json\/wp\/v2\/users\/1546"}],"replies":[{"embeddable":true,"href":"https:\/\/isfd31-bue.infd.edu.ar\/sitio\/wp-json\/wp\/v2\/comments?post=788"}],"version-history":[{"count":10,"href":"https:\/\/isfd31-bue.infd.edu.ar\/sitio\/wp-json\/wp\/v2\/pages\/788\/revisions"}],"predecessor-version":[{"id":3533,"href":"https:\/\/isfd31-bue.infd.edu.ar\/sitio\/wp-json\/wp\/v2\/pages\/788\/revisions\/3533"}],"wp:attachment":[{"href":"https:\/\/isfd31-bue.infd.edu.ar\/sitio\/wp-json\/wp\/v2\/media?parent=788"}],"curies":[{"name":"wp","href":"https:\/\/api.w.org\/{rel}","templated":true}]}}