{"id":3031,"date":"2024-12-10T09:01:35","date_gmt":"2024-12-10T12:01:35","guid":{"rendered":"https:\/\/isfd31-bue.infd.edu.ar\/sitio\/?page_id=3031"},"modified":"2025-02-10T11:16:01","modified_gmt":"2025-02-10T14:16:01","slug":"ingresantes-2025-ts","status":"publish","type":"page","link":"https:\/\/isfd31-bue.infd.edu.ar\/sitio\/ingresantes-2025-ts\/","title":{"rendered":"Ingresantes 2025 &#8211; TECTS"},"content":{"rendered":"\n<h2 class=\"wp-block-heading has-text-color\" style=\"color:#ff0000\"><\/h2>\n\n\n\n<h2 class=\"wp-block-heading has-accent-color has-text-color\">Tecnicatura Superior en Trabajo Social<\/h2>\n\n\n\n<h2 class=\"wp-block-heading has-accent-color has-text-color has-medium-font-size\">Se cursa en Turno Vespertino de 17.20 a 21.30 con pr\u00e1cticas en contraturno<\/h2>\n\n\n\n<figure class=\"wp-block-image size-full is-resized\"><a href=\"https:\/\/isfd31-bue.infd.edu.ar\/sitio\/economia-social\/\"><img decoding=\"async\" loading=\"lazy\" src=\"https:\/\/isfd31-bue.infd.edu.ar\/sitio\/wp-content\/uploads\/2024\/12\/PLAN-DE-ESTUDIO.png\" alt=\"\" class=\"wp-image-3040\" width=\"184\" height=\"39\" srcset=\"https:\/\/isfd31-bue.infd.edu.ar\/sitio\/wp-content\/uploads\/2024\/12\/PLAN-DE-ESTUDIO.png 1301w, https:\/\/isfd31-bue.infd.edu.ar\/sitio\/wp-content\/uploads\/2024\/12\/PLAN-DE-ESTUDIO-1000x212.png 1000w, https:\/\/isfd31-bue.infd.edu.ar\/sitio\/wp-content\/uploads\/2024\/12\/PLAN-DE-ESTUDIO-768x163.png 768w\" sizes=\"(max-width: 184px) 100vw, 184px\" \/><\/a><\/figure>\n\n\n\n<figure class=\"wp-block-image size-full is-resized\"><img decoding=\"async\" loading=\"lazy\" src=\"https:\/\/isfd31-bue.infd.edu.ar\/sitio\/wp-content\/uploads\/2023\/12\/image-23.png\" alt=\"\" class=\"wp-image-2658\" width=\"630\" height=\"119\" srcset=\"https:\/\/isfd31-bue.infd.edu.ar\/sitio\/wp-content\/uploads\/2023\/12\/image-23.png 1900w, https:\/\/isfd31-bue.infd.edu.ar\/sitio\/wp-content\/uploads\/2023\/12\/image-23-1000x189.png 1000w, https:\/\/isfd31-bue.infd.edu.ar\/sitio\/wp-content\/uploads\/2023\/12\/image-23-768x146.png 768w, https:\/\/isfd31-bue.infd.edu.ar\/sitio\/wp-content\/uploads\/2023\/12\/image-23-1536x291.png 1536w\" sizes=\"(max-width: 630px) 100vw, 630px\" \/><\/figure>\n\n\n\n<ul>\n<li>La inscripci\u00f3n ser\u00e1 <strong>presencial<\/strong> en el edificio <strong>Sede <\/strong>del Instituto 31 en calle Jesuita Cardiel 2130 de Necochea.<\/li>\n\n\n\n<li>Se realizar\u00e1 en <strong>Biblioteca <\/strong>del Instituto 31 (planta baja). <\/li>\n\n\n\n<li>En los d\u00edas y horarios establecidos <strong>por carrera<\/strong> deber\u00e1 entregar la documentaci\u00f3n requerida para inscribirse.<\/li>\n\n\n\n<li>La inscripci\u00f3n se cierra cuando se haya completado el cupo permitido. Sino podes venir el d\u00eda de la inscripci\u00f3n, podes enviar a un familiar o amigo\/a con toda tu documentaci\u00f3n para asegurar tu vacante.<\/li>\n<\/ul>\n\n\n\n<figure class=\"wp-block-image size-full is-resized\"><img decoding=\"async\" loading=\"lazy\" src=\"https:\/\/isfd31-bue.infd.edu.ar\/sitio\/wp-content\/uploads\/2023\/12\/image-24.png\" alt=\"\" class=\"wp-image-2659\" width=\"639\" height=\"121\" srcset=\"https:\/\/isfd31-bue.infd.edu.ar\/sitio\/wp-content\/uploads\/2023\/12\/image-24.png 1900w, https:\/\/isfd31-bue.infd.edu.ar\/sitio\/wp-content\/uploads\/2023\/12\/image-24-1000x189.png 1000w, https:\/\/isfd31-bue.infd.edu.ar\/sitio\/wp-content\/uploads\/2023\/12\/image-24-768x146.png 768w, https:\/\/isfd31-bue.infd.edu.ar\/sitio\/wp-content\/uploads\/2023\/12\/image-24-1536x291.png 1536w\" sizes=\"(max-width: 639px) 100vw, 639px\" \/><\/figure>\n\n\n\n<ul id=\"block-95a4d49d-a076-4804-a289-ad528f5d3731\">\n<li>Todos los Ingresantes deber\u00e1n presentar en un <strong>folio oficio<\/strong> la siguiente documentaci\u00f3n:\n<ol>\n<li><strong><a rel=\"noreferrer noopener\" href=\"https:\/\/drive.google.com\/file\/d\/191R30LDDIH6d6sZ46zhWkx49wPv533Xs\/view?usp=sharing\" target=\"_blank\">Solicitud de Inscripci\u00f3n a 1er A\u00f1o<\/a><\/strong><\/li>\n\n\n\n<li><strong><a href=\"https:\/\/drive.google.com\/file\/d\/1Z358UoM8hc2U4hMeAMOY_fiZd7kTkZVN\/view?usp=sharing\" target=\"_blank\" rel=\"noreferrer noopener\">Planilla de Matriculaci\u00f3n<\/a><\/strong> de la carrera.<\/li>\n\n\n\n<li>Tres fotos tipo carnet 4&#215;4 cm<\/li>\n\n\n\n<li>Presentar original y Fotocopia de DNI (frente y dorso).<\/li>\n\n\n\n<li>Presentar T\u00edtulo original y fotocopia de T\u00edtulo Secundario o Constancia de T\u00edtulo en Tr\u00e1mite en original o Constancia de Alumno Regular en original (el cual vence a los 60 d\u00edas).<\/li>\n\n\n\n<li>Pago de Cooperadora, muy necesario para el buen funcionamiento de la instituci\u00f3n.<\/li>\n<\/ol>\n<\/li>\n<\/ul>\n\n\n\n<p class=\"has-text-color has-medium-font-size\" style=\"color:#ff0505\"><strong>ATENCI\u00d3N: Las\/os estudiantes de nivel secundario \u201cpendientes de aprobaci\u00f3n\u201d o que adeuden materias podr\u00e1n inscribirse de manera condicional y formalizar su inscripci\u00f3n hasta el <strong>29 de Agosto de 2025<\/strong>.<\/strong><\/p>\n\n\n\n<p><strong>Completar los formularios con letra imprenta legible. Imprimir en tama\u00f1o oficio o se pueden adquirir en el Buffet del Instituto<\/strong> en el Horario: de 8.30 a 20.30 hs. <\/p>\n\n\n\n<figure class=\"wp-block-image size-full is-resized\"><img decoding=\"async\" loading=\"lazy\" src=\"https:\/\/isfd31-bue.infd.edu.ar\/sitio\/wp-content\/uploads\/2023\/12\/image-25.png\" alt=\"\" class=\"wp-image-2660\" width=\"625\" height=\"118\" srcset=\"https:\/\/isfd31-bue.infd.edu.ar\/sitio\/wp-content\/uploads\/2023\/12\/image-25.png 1900w, https:\/\/isfd31-bue.infd.edu.ar\/sitio\/wp-content\/uploads\/2023\/12\/image-25-1000x189.png 1000w, https:\/\/isfd31-bue.infd.edu.ar\/sitio\/wp-content\/uploads\/2023\/12\/image-25-768x146.png 768w, https:\/\/isfd31-bue.infd.edu.ar\/sitio\/wp-content\/uploads\/2023\/12\/image-25-1536x291.png 1536w\" sizes=\"(max-width: 625px) 100vw, 625px\" \/><\/figure>\n\n\n\n<p class=\"has-text-color has-large-font-size\" style=\"color:#fe0000\"><strong>Inscripci\u00f3n Cerrada para el ciclo lectivo 2025<\/strong><\/p>\n\n\n\n<p><\/p>\n","protected":false},"excerpt":{"rendered":"<p>Tecnicatura Superior en Trabajo Social Se cursa en Turno Vespertino de 17.20 a 21.30 con pr\u00e1cticas en contraturno ATENCI\u00d3N: Las\/os estudiantes de nivel secundario \u201cpendientes de aprobaci\u00f3n\u201d o que adeuden materias podr\u00e1n inscribirse de manera condicional y formalizar su inscripci\u00f3n hasta el 29 de Agosto de 2025. Completar los formularios con letra imprenta legible. Imprimir &#8230; <a title=\"Ingresantes 2025 &#8211; TECTS\" class=\"read-more\" href=\"https:\/\/isfd31-bue.infd.edu.ar\/sitio\/ingresantes-2025-ts\/\" aria-label=\"More on Ingresantes 2025 &#8211; TECTS\">[+]<\/a><\/p>\n","protected":false},"author":1457,"featured_media":0,"parent":0,"menu_order":0,"comment_status":"closed","ping_status":"closed","template":"","meta":[],"acf":[],"_links":{"self":[{"href":"https:\/\/isfd31-bue.infd.edu.ar\/sitio\/wp-json\/wp\/v2\/pages\/3031"}],"collection":[{"href":"https:\/\/isfd31-bue.infd.edu.ar\/sitio\/wp-json\/wp\/v2\/pages"}],"about":[{"href":"https:\/\/isfd31-bue.infd.edu.ar\/sitio\/wp-json\/wp\/v2\/types\/page"}],"author":[{"embeddable":true,"href":"https:\/\/isfd31-bue.infd.edu.ar\/sitio\/wp-json\/wp\/v2\/users\/1457"}],"replies":[{"embeddable":true,"href":"https:\/\/isfd31-bue.infd.edu.ar\/sitio\/wp-json\/wp\/v2\/comments?post=3031"}],"version-history":[{"count":5,"href":"https:\/\/isfd31-bue.infd.edu.ar\/sitio\/wp-json\/wp\/v2\/pages\/3031\/revisions"}],"predecessor-version":[{"id":3198,"href":"https:\/\/isfd31-bue.infd.edu.ar\/sitio\/wp-json\/wp\/v2\/pages\/3031\/revisions\/3198"}],"wp:attachment":[{"href":"https:\/\/isfd31-bue.infd.edu.ar\/sitio\/wp-json\/wp\/v2\/media?parent=3031"}],"curies":[{"name":"wp","href":"https:\/\/api.w.org\/{rel}","templated":true}]}}