{"id":1717,"date":"2021-12-02T13:53:10","date_gmt":"2021-12-02T16:53:10","guid":{"rendered":"https:\/\/isfd31-bue.infd.edu.ar\/sitio\/?page_id=1717"},"modified":"2023-04-20T13:39:35","modified_gmt":"2023-04-20T16:39:35","slug":"matriculacion-2022","status":"publish","type":"page","link":"https:\/\/isfd31-bue.infd.edu.ar\/sitio\/matriculacion-2022\/","title":{"rendered":"Matriculaci\u00f3n 2023"},"content":{"rendered":"\n<p style=\"font-size:18px\">Descargar la Planilla de Matriculaci\u00f3n para ser presentada en la Inscripci\u00f3n. Completar con letra legible.<\/p>\n\n\n\n<figure class=\"wp-block-image size-large is-resized\"><img decoding=\"async\" loading=\"lazy\" src=\"https:\/\/isfd31-bue.infd.edu.ar\/sitio\/wp-content\/uploads\/2021\/12\/LINEA-DIVISION-1900x13.jpg\" alt=\"\" class=\"wp-image-1718\" width=\"1020\" height=\"6\" srcset=\"https:\/\/isfd31-bue.infd.edu.ar\/sitio\/wp-content\/uploads\/2021\/12\/LINEA-DIVISION-1900x13.jpg 1900w, https:\/\/isfd31-bue.infd.edu.ar\/sitio\/wp-content\/uploads\/2021\/12\/LINEA-DIVISION-1000x7.jpg 1000w, https:\/\/isfd31-bue.infd.edu.ar\/sitio\/wp-content\/uploads\/2021\/12\/LINEA-DIVISION-768x5.jpg 768w, https:\/\/isfd31-bue.infd.edu.ar\/sitio\/wp-content\/uploads\/2021\/12\/LINEA-DIVISION-1536x11.jpg 1536w, https:\/\/isfd31-bue.infd.edu.ar\/sitio\/wp-content\/uploads\/2021\/12\/LINEA-DIVISION-2048x14.jpg 2048w\" sizes=\"(max-width: 1020px) 100vw, 1020px\" \/><\/figure>\n\n\n\n<p><\/p>\n\n\n\n<ul>\n<li><a rel=\"noreferrer noopener\" href=\"https:\/\/drive.google.com\/file\/d\/1-Bn0RtBgfKIe_QTJlrpseNvUA81FWvjt\/view?usp=sharing\" target=\"_blank\">Profesorado de Educaci\u00f3n F\u00edsica<\/a><\/li>\n\n\n\n<li><a rel=\"noreferrer noopener\" href=\"https:\/\/drive.google.com\/file\/d\/1Ae8oRq2uFgPEfEuU2UKHNuda8vOg8eqg\/view?usp=sharing\" target=\"_blank\">Profesorado de Educaci\u00f3n Primaria \u00abA\u00bb &#8211; Turno Tarde<\/a><\/li>\n\n\n\n<li><a rel=\"noreferrer noopener\" href=\"https:\/\/drive.google.com\/file\/d\/1ld02SlMkhsrN0IpdrHoP6Prbpyo5zWIX\/view?usp=sharing\" target=\"_blank\">Profesorado de Educaci\u00f3n Primaria \u00abB\u00bb &#8211; Turno Vespertino<\/a><\/li>\n\n\n\n<li><a rel=\"noreferrer noopener\" href=\"https:\/\/drive.google.com\/file\/d\/1ckjrEVzir-bgyQGgAK8N3ndO64beBNqI\/view?usp=sharing\" target=\"_blank\">Profesorado de Educaci\u00f3n Inicial<\/a><\/li>\n\n\n\n<li><a rel=\"noreferrer noopener\" href=\"https:\/\/drive.google.com\/file\/d\/1sCX1k0WWZO7eNaBdiLGiBOQDxjne9j43\/view?usp=sharing\" target=\"_blank\">Tecnicatura en Acompa\u00f1ante Terap\u00e9utico<\/a><\/li>\n\n\n\n<li><a rel=\"noreferrer noopener\" href=\"https:\/\/drive.google.com\/file\/d\/1XkDVXTW380lz7ReVu_hcnaEtcm-Ag4MG\/view?usp=sharing\" target=\"_blank\">Tecnicatura en Administraci\u00f3n General<\/a><\/li>\n\n\n\n<li><a rel=\"noreferrer noopener\" href=\"https:\/\/drive.google.com\/file\/d\/14hhzB__0_AG0-RA7IjjXJGsL_Y6eo8VO\/view?usp=sharing\" target=\"_blank\">Tecnicatura en Administraci\u00f3n en Recursos Humanos<\/a><\/li>\n\n\n\n<li><a rel=\"noreferrer noopener\" href=\"https:\/\/drive.google.com\/file\/d\/1np9hkC1-W_FahrtnmxJIHmY9L0HHYOIO\/view?usp=sharing\" target=\"_blank\">Tecnicatura en Higiene y Seguridad<\/a><\/li>\n\n\n\n<li><a rel=\"noreferrer noopener\" href=\"https:\/\/drive.google.com\/file\/d\/1MsH0u5twZ87GVSNYkg0oFyBvB8AoB947\/view?usp=sharing\" target=\"_blank\">Tecnicatura en Producci\u00f3n Agr\u00edcola Ganadera<\/a><\/li>\n\n\n\n<li><a rel=\"noreferrer noopener\" href=\"https:\/\/drive.google.com\/file\/d\/1ebgrJzAWuCok---6bXh_MdEnxE0igtH6\/view?usp=sharing\" target=\"_blank\">Tecnicatura en Psicopedagog\u00eda<\/a>.<\/li>\n<\/ul>\n\n\n\n<p>NUEVA CARRERA: <strong><a href=\"https:\/\/drive.google.com\/file\/d\/1dyv7dhW5wlSuhpXXGYV8-r6QTQTU9SKX\/view?usp=sharing\" target=\"_blank\" rel=\"noreferrer noopener\">Profesorado de Educaci\u00f3n Secundaria T\u00e9cnico Profesional en Industrias de Procesos y de Alimentos<\/a><\/strong><\/p>\n","protected":false},"excerpt":{"rendered":"<p>Descargar la Planilla de Matriculaci\u00f3n para ser presentada en la Inscripci\u00f3n. Completar con letra legible. NUEVA CARRERA: Profesorado de Educaci\u00f3n Secundaria T\u00e9cnico Profesional en Industrias de Procesos y de Alimentos<\/p>\n","protected":false},"author":1457,"featured_media":0,"parent":0,"menu_order":0,"comment_status":"closed","ping_status":"closed","template":"","meta":[],"acf":[],"_links":{"self":[{"href":"https:\/\/isfd31-bue.infd.edu.ar\/sitio\/wp-json\/wp\/v2\/pages\/1717"}],"collection":[{"href":"https:\/\/isfd31-bue.infd.edu.ar\/sitio\/wp-json\/wp\/v2\/pages"}],"about":[{"href":"https:\/\/isfd31-bue.infd.edu.ar\/sitio\/wp-json\/wp\/v2\/types\/page"}],"author":[{"embeddable":true,"href":"https:\/\/isfd31-bue.infd.edu.ar\/sitio\/wp-json\/wp\/v2\/users\/1457"}],"replies":[{"embeddable":true,"href":"https:\/\/isfd31-bue.infd.edu.ar\/sitio\/wp-json\/wp\/v2\/comments?post=1717"}],"version-history":[{"count":42,"href":"https:\/\/isfd31-bue.infd.edu.ar\/sitio\/wp-json\/wp\/v2\/pages\/1717\/revisions"}],"predecessor-version":[{"id":2366,"href":"https:\/\/isfd31-bue.infd.edu.ar\/sitio\/wp-json\/wp\/v2\/pages\/1717\/revisions\/2366"}],"wp:attachment":[{"href":"https:\/\/isfd31-bue.infd.edu.ar\/sitio\/wp-json\/wp\/v2\/media?parent=1717"}],"curies":[{"name":"wp","href":"https:\/\/api.w.org\/{rel}","templated":true}]}}